{"id":84,"date":"2025-09-17T07:18:53","date_gmt":"2025-09-17T07:18:53","guid":{"rendered":"https:\/\/www.thion.louisst.o2switch.site\/blog\/?page_id=84"},"modified":"2025-11-27T09:35:21","modified_gmt":"2025-11-27T08:35:21","slug":"formation","status":"publish","type":"page","link":"https:\/\/www.thion.louisst.o2switch.site\/blog\/formation\/","title":{"rendered":"\ud83d\udcdc Formation"},"content":{"rendered":"\n<p class=\"has-ast-global-color-4-color has-text-color has-link-color wp-elements-44013c58997b809c9a75dc3f76d56ea9\">\ud83d\udccd Situ\u00e9 dans le 1\u1d49\u02b3 arrondissement de Lyon, \u00e0 38 rue Pierre Dupont (69001) , le Campus Sup Alta est un super endroit pour poursuivre des \u00e9tudes sup\u00e9rieures apr\u00e8s le bac. Il s\u2019appuie sur plusieurs structures : le Lyc\u00e9e Saint-Louis-Saint-Bruno, l\u2019Institution des Chartreux, Ercom qui ont uni leurs forces pour proposer un vrai p\u00f4le sup\u00e9rieur. <\/p>\n\n\n\t\t\t<div \n\t\t\tclass=\"wp-block-uagb-google-map uagb-google-map__wrap uagb-block-3a01dd40     \"\n\t\t\tstyle=\"\" >\n\t\t\t\t<embed\n\t\t\t\t\tclass=\"uagb-google-map__iframe\"\n\t\t\t\t\ttitle=\"Carte Google pour \"\n\t\t\t\t\tsrc=\"https:\/\/maps.google.com\/maps?q=38%20Rue%20Pierre%20Dupont%2C%2069001%20Lyon&#038;z=12&#038;hl=fr&#038;t=m&#038;output=embed&#038;iwloc=near\"\n\t\t\t\t\twidth=\"640\"\n\t\t\t\t\theight=\"307\"\n\t\t\t\t\tloading=\"lazy\"\n\t\t\t\t><\/embed>\n\t\t\t<\/div>\n\t\t\t\n\n\n<h4 class=\"wp-block-heading\">\ud83c\udf93 Apr\u00e8s le bac <\/h4>\n\n\n\n<ul class=\"wp-block-list\">\n<li class=\"has-ast-global-color-4-color has-text-color has-link-color wp-elements-5aabaaeb5bbae157c51d84d2a4535168\">BTS Communication (2 ans) \u2013 en temps plein ou apprentissage.<\/li>\n\n\n\n<li class=\"has-ast-global-color-4-color has-text-color has-link-color wp-elements-dd96eee40c28b9cc620a7c4108e1e134\">BTS N\u00e9gociation &amp; Digitalisation de la Relation Client (NDRC) (2 ans) \u2013 apprentissage ou temps plein.<\/li>\n\n\n\n<li class=\"has-ast-global-color-4-color has-text-color has-link-color wp-elements-9084788dc43b6ac8026b21c2bb4355ff\">BTS Management Commercial Op\u00e9rationnel (MCO) (2 ans) \u2013 apprentissage.<\/li>\n\n\n\n<li class=\"has-ast-global-color-4-color has-text-color has-link-color wp-elements-0fada8d2e6fa598dab503c13acf1577f\">BTS Support \u00e0 l\u2019Action Manag\u00e9riale (SAM) (2 ans) \u2013 temps plein.&nbsp;<\/li>\n\n\n\n<li class=\"has-ast-global-color-4-color has-text-color has-link-color wp-elements-ef1b8ffc66dcd83d44ce4dfc2e42c39b\">BTS Services Informatiques aux Organisations (SIO) option A (infrastructure) ou B (logiciels) (2 ans) \u2013 temps plein.<\/li>\n\n\n\n<li class=\"has-ast-global-color-4-color has-text-color has-link-color wp-elements-d636bc76c7750347ee1e185b0c48f6e5\">FCIL Secr\u00e9tariat M\u00e9dical (5 mois) \u2013 \u00e0 vrai dire plus court.<\/li>\n<\/ul>\n\n\n\n<h4 class=\"wp-block-heading\">\ud83d\udc69\u200d\ud83c\udf93 Apr\u00e8s un bac+2 <\/h4>\n\n\n\n<ul class=\"wp-block-list\">\n<li class=\"has-ast-global-color-4-color has-text-color has-link-color wp-elements-c77a71980a4dc26eb16bf42d8d7c2adf\">DCG (Dipl\u00f4me de Comptabilit\u00e9 et Gestion) \u2013 L2 et L3.&nbsp;<\/li>\n\n\n\n<li class=\"has-ast-global-color-4-color has-text-color has-link-color wp-elements-8ae9fd96155fd62ea7f68f2631f3642a\">Bachelor Responsable \u00ab Mission en cabinet d\u2019expertise comptable \u00bb (en alternance).&nbsp;<\/li>\n\n\n\n<li class=\"has-ast-global-color-4-color has-text-color has-link-color wp-elements-a9c3578eeedafa3a10b48807c94e1ad3\">Bachelor Charg\u00e9 de Marketing &amp; Communication (en alternance).<\/li>\n\n\n\n<li class=\"has-ast-global-color-4-color has-text-color has-link-color wp-elements-46110a54ca9c7dffd869111658878ef4\">Formations d\u2019ing\u00e9nieur en informatique et cybers\u00e9curit\u00e9 (en partenariat) pour les + longues \u00e9tudes.&nbsp;<\/li>\n<\/ul>\n\n\n\n<h4 class=\"wp-block-heading\">\ud83c\udfeb Autres parcours<\/h4>\n\n\n\n<ul class=\"wp-block-list\">\n<li class=\"has-ast-global-color-4-color has-text-color has-link-color wp-elements-b9204130cf7b43467a7a943abd5f280a\">Licence Gestion, parcours Comptabilit\u00e9-Contr\u00f4le-Audit (CCA) etc.<\/li>\n\n\n\n<li class=\"has-ast-global-color-4-color has-text-color has-link-color wp-elements-762f383c7f2ddbafeb1ca0372cd7981c\">Dipl\u00f4me Sup\u00e9rieur de Comptabilit\u00e9 et Gestion (DSCG) pour bac+3 et +.<\/li>\n<\/ul>\n\n\n\n<p><\/p>\n\n\n\n<h4 class=\"wp-block-heading\">\ud83d\udc69\ud83c\udffb\u200d\ud83d\udcbb  Pour ma part <\/h4>\n\n\n\n<p class=\"has-ast-global-color-4-color has-text-color has-link-color wp-elements-8a695f3ca0dff11d17897910f37c5f50\">Apr\u00e8s l\u2019obtention de mon bac STMG, je suis entr\u00e9 en BTS NDRC dans le lyc\u00e9e Saint Louis Saint Bruno.&nbsp;<\/p>\n\n\n\n<p class=\"has-text-align-center has-ast-global-color-4-color has-text-color has-link-color wp-elements-e2328c38102f25cd133cc3a18ad421e7\"><strong>Le BTS NDRC c&rsquo;est quoi ? \ud83e\uddd0<\/strong><\/p>\n\n\n\n<p class=\"has-ast-global-color-4-color has-text-color has-link-color wp-elements-960cb2aa5100c5cef26f6fcd509f8b96\">Le BTS NDRC, c\u2019est le&nbsp;<strong>Brevet de Technicien Sup\u00e9rieur en N\u00e9gociation et Digitalisation de la Relation Client<\/strong>.<br>C\u2019est une formation de deux ans apr\u00e8s le bac qui pr\u00e9pare \u00e0 travailler dans le commerce et la relation client.<\/p>\n\n\n\n<p class=\"has-ast-global-color-4-color has-text-color has-link-color wp-elements-ca5d6f8b6dbeb05a56fd6880c583c963\">Pendant ces deux ann\u00e9es, on apprend \u00e0 vendre des produits ou des services, \u00e0 communiquer avec les clients et \u00e0 les fid\u00e9liser. On d\u00e9couvre aussi comment utiliser les outils num\u00e9riques comme les r\u00e9seaux sociaux ou les sites internet pour mieux g\u00e9rer les relations avec les clients.<\/p>\n\n\n\n<p class=\"has-ast-global-color-4-color has-text-color has-link-color wp-elements-deb4889a4ccb046bb4cd04971041711b\">Apr\u00e8s un BTS NDRC, on peut devenir commercial, conseiller client\u00e8le ou encore charg\u00e9 de communication commerciale. C\u2019est une bonne formation pour les personnes qui aiment le contact avec les autres et qui veulent apprendre \u00e0 convaincre et \u00e0 vendre.<\/p>\n\n\n\n<div class=\"wp-block-uagb-image alignleft uagb-block-63894354 wp-block-uagb-image--layout-default wp-block-uagb-image--effect-static wp-block-uagb-image--align-left\"><figure class=\"wp-block-uagb-image__figure\"><img decoding=\"async\" srcset=\"https:\/\/www.thion.louisst.o2switch.site\/blog\/wp-content\/uploads\/2025\/10\/Capture-decran-2025-10-25-a-17.53.00-849x1024.png ,https:\/\/www.thion.louisst.o2switch.site\/blog\/wp-content\/uploads\/2025\/10\/Capture-decran-2025-10-25-a-17.53.00.png 780w, https:\/\/www.thion.louisst.o2switch.site\/blog\/wp-content\/uploads\/2025\/10\/Capture-decran-2025-10-25-a-17.53.00.png 360w\" sizes=\"auto, (max-width: 480px) 150px\" src=\"https:\/\/www.thion.louisst.o2switch.site\/blog\/wp-content\/uploads\/2025\/10\/Capture-decran-2025-10-25-a-17.53.00-849x1024.png\" alt=\"\" class=\"uag-image-231\" width=\"452\" height=\"545\" title=\"Capture d\u2019\u00e9cran 2025-10-25 \u00e0 17.53.00\" loading=\"lazy\" role=\"img\"\/><\/figure><\/div>\n\n\n\n<p><\/p>\n\n\n\n<p class=\"has-ast-global-color-4-color has-text-color has-link-color wp-elements-08f8e1d4a29324854fd0f8ebc998f14a\">Les cours portent sur la n\u00e9gociation, le marketing, la communication et la gestion. C\u2019est une formation tr\u00e8s concr\u00e8te, avec des stages ou de l\u2019alternance. Pour ma part, je suis en formation initiale, donc je fais des stages. Cela permet d\u2019acqu\u00e9rir de l\u2019exp\u00e9rience professionnelle pendant les \u00e9tudes. <\/p>\n\n\n\n<p class=\"has-ast-global-color-4-color has-text-color has-link-color wp-elements-6790911c6b00edf6a5351b5cd0e8fb57\">Voici un emploi du temps de premi\u00e8re ann\u00e9e.<\/p>\n\n\n\n<p class=\"has-ast-global-color-4-color has-text-color has-link-color wp-elements-29bd3c22eb4bd648d99335008b276380\">En premi\u00e8re ann\u00e9e, on \u00e9tudie les mati\u00e8res suivantes : <\/p>\n\n\n\n<ul class=\"wp-block-list\">\n<li class=\"has-ast-global-color-4-color has-text-color has-link-color wp-elements-d513ab5669fe19a4bb9ebcfe794bb12b\">CEJM (Culture \u00e9conomique, juridique et manag\u00e9riale) : 4h par semaine<\/li>\n\n\n\n<li class=\"has-ast-global-color-8-color has-text-color has-link-color wp-elements-3bb3eed0de1058a8868d03c7f1be614e\">Culture g\u00e9n\u00e9rale et expression : 2h par semaine<\/li>\n\n\n\n<li class=\"has-ast-global-color-8-color has-text-color has-link-color wp-elements-2abba85e026ec1fc45ada72fe3c45cf1\">Culture professionnel : 1h par semaine<\/li>\n\n\n\n<li class=\"has-ast-global-color-4-color has-text-color has-link-color wp-elements-601946187b064eef4fbb36f4b52d1a24\">RCDD (Relation Client et D\u00e9veloppement de la Client\u00e8le) : 6h par semaine <\/li>\n\n\n\n<li class=\"has-ast-global-color-8-color has-text-color has-link-color wp-elements-02d3d9e5084235d8afa277583d4942e0\">Ateliers professionnels : 5h par semaine <\/li>\n\n\n\n<li class=\"has-ast-global-color-4-color has-text-color has-link-color wp-elements-6b1926af28f7496318ff1265355a41d9\">Animation de r\u00e9seaux : 4h par semaine <\/li>\n\n\n\n<li class=\"has-ast-global-color-4-color has-text-color has-link-color wp-elements-9c12a92b31313029ea1a6cc8efd62de2\">N\u00e9gociation et relation client : 6h par semaine <\/li>\n\n\n\n<li class=\"has-ast-global-color-4-color has-text-color has-link-color wp-elements-ca916dc81db307056ef93b65e639c165\">Anglais : 3h par semaine<\/li>\n\n\n\n<li class=\"has-ast-global-color-4-color has-text-color has-link-color wp-elements-f96c8e31cd90c52a9d326e11d7858e13\">Devoirs surveill\u00e9s : entre 1h et 4h par semaine <\/li>\n<\/ul>\n\n\n\n<p class=\"has-ast-global-color-2-color has-text-color has-link-color wp-elements-0fd5325bcfbe9750e7c2b2ee3dea499b\"><strong>Environ 31h de cours par semaine <\/strong><\/p>\n\n\n\n<p class=\"has-text-align-center has-ast-global-color-2-color has-text-color has-link-color wp-elements-c9ed26b136e35fca2500093e8cc6d851\"><strong>COMPTE \u00c0 REBOURS JUSQU&rsquo;AU 10 MAI 2027<\/strong><\/p>\n\n\n\n<div class=\"wp-block-uagb-countdown uagb-block-bb257f9a\"><div class=\"wp-block-uagb-countdown__box wp-block-uagb-countdown__box-days\"><div role=\"timer\" aria-live=\"off\" class=\"wp-block-uagb-countdown__time wp-block-uagb-countdown__time-days\">&#8211;<\/div><div class=\"wp-block-uagb-countdown__label\">DAYS<\/div><\/div><div class=\"wp-block-uagb-countdown__box wp-block-uagb-countdown__box-hours\"><div role=\"timer\" aria-live=\"off\" class=\"wp-block-uagb-countdown__time wp-block-uagb-countdown__time-hours\">&#8211;<\/div><div class=\"wp-block-uagb-countdown__label\">HOURS<\/div><\/div><div class=\"wp-block-uagb-countdown__box wp-block-uagb-countdown__box-minutes\"><div role=\"timer\" aria-live=\"off\" class=\"wp-block-uagb-countdown__time wp-block-uagb-countdown__time-minutes\">&#8211;<\/div><div class=\"wp-block-uagb-countdown__label\">MINUTES<\/div><\/div><div class=\"wp-block-uagb-countdown__box wp-block-uagb-countdown__box-seconds\"><div role=\"timer\" aria-live=\"off\" class=\"wp-block-uagb-countdown__time wp-block-uagb-countdown__time-seconds\">&#8211;<\/div><div class=\"wp-block-uagb-countdown__label\">SECONDS<\/div><\/div><\/div>\n\n\n\n<p><\/p>\n","protected":false},"excerpt":{"rendered":"<p>\ud83d\udccd Situ\u00e9 dans le 1\u1d49\u02b3 arrondissement de Lyon, \u00e0 38 rue Pierre Dupont (69001) , le Campus Sup Alta est [&hellip;]<\/p>\n","protected":false},"author":1,"featured_media":0,"parent":0,"menu_order":0,"comment_status":"closed","ping_status":"closed","template":"","meta":{"_uag_custom_page_level_css":"","site-sidebar-layout":"default","site-content-layout":"","ast-site-content-layout":"default","site-content-style":"default","site-sidebar-style":"default","ast-global-header-display":"","ast-banner-title-visibility":"","ast-main-header-display":"","ast-hfb-above-header-display":"","ast-hfb-below-header-display":"","ast-hfb-mobile-header-display":"","site-post-title":"","ast-breadcrumbs-content":"","ast-featured-img":"","footer-sml-layout":"","theme-transparent-header-meta":"","adv-header-id-meta":"","stick-header-meta":"","header-above-stick-meta":"","header-main-stick-meta":"","header-below-stick-meta":"","astra-migrate-meta-layouts":"default","ast-page-background-enabled":"default","ast-page-background-meta":{"desktop":{"background-color":"var(--ast-global-color-5)","background-image":"","background-repeat":"repeat","background-position":"center center","background-size":"auto","background-attachment":"scroll","background-type":"","background-media":"","overlay-type":"","overlay-color":"","overlay-opacity":"","overlay-gradient":""},"tablet":{"background-color":"","background-image":"","background-repeat":"repeat","background-position":"center center","background-size":"auto","background-attachment":"scroll","background-type":"","background-media":"","overlay-type":"","overlay-color":"","overlay-opacity":"","overlay-gradient":""},"mobile":{"background-color":"","background-image":"","background-repeat":"repeat","background-position":"center center","background-size":"auto","background-attachment":"scroll","background-type":"","background-media":"","overlay-type":"","overlay-color":"","overlay-opacity":"","overlay-gradient":""}},"ast-content-background-meta":{"desktop":{"background-color":"var(--ast-global-color-4)","background-image":"","background-repeat":"repeat","background-position":"center center","background-size":"auto","background-attachment":"scroll","background-type":"","background-media":"","overlay-type":"","overlay-color":"","overlay-opacity":"","overlay-gradient":""},"tablet":{"background-color":"var(--ast-global-color-4)","background-image":"","background-repeat":"repeat","background-position":"center center","background-size":"auto","background-attachment":"scroll","background-type":"","background-media":"","overlay-type":"","overlay-color":"","overlay-opacity":"","overlay-gradient":""},"mobile":{"background-color":"var(--ast-global-color-4)","background-image":"","background-repeat":"repeat","background-position":"center center","background-size":"auto","background-attachment":"scroll","background-type":"","background-media":"","overlay-type":"","overlay-color":"","overlay-opacity":"","overlay-gradient":""}},"footnotes":""},"class_list":["post-84","page","type-page","status-publish","hentry"],"uagb_featured_image_src":{"full":false,"thumbnail":false,"medium":false,"medium_large":false,"large":false,"1536x1536":false,"2048x2048":false},"uagb_author_info":{"display_name":"admin","author_link":"https:\/\/www.thion.louisst.o2switch.site\/blog\/author\/admin\/"},"uagb_comment_info":0,"uagb_excerpt":"\ud83d\udccd Situ\u00e9 dans le 1\u1d49\u02b3 arrondissement de Lyon, \u00e0 38 rue Pierre Dupont (69001) , le Campus Sup Alta est [&hellip;]","_links":{"self":[{"href":"https:\/\/www.thion.louisst.o2switch.site\/blog\/wp-json\/wp\/v2\/pages\/84","targetHints":{"allow":["GET"]}}],"collection":[{"href":"https:\/\/www.thion.louisst.o2switch.site\/blog\/wp-json\/wp\/v2\/pages"}],"about":[{"href":"https:\/\/www.thion.louisst.o2switch.site\/blog\/wp-json\/wp\/v2\/types\/page"}],"author":[{"embeddable":true,"href":"https:\/\/www.thion.louisst.o2switch.site\/blog\/wp-json\/wp\/v2\/users\/1"}],"replies":[{"embeddable":true,"href":"https:\/\/www.thion.louisst.o2switch.site\/blog\/wp-json\/wp\/v2\/comments?post=84"}],"version-history":[{"count":19,"href":"https:\/\/www.thion.louisst.o2switch.site\/blog\/wp-json\/wp\/v2\/pages\/84\/revisions"}],"predecessor-version":[{"id":462,"href":"https:\/\/www.thion.louisst.o2switch.site\/blog\/wp-json\/wp\/v2\/pages\/84\/revisions\/462"}],"wp:attachment":[{"href":"https:\/\/www.thion.louisst.o2switch.site\/blog\/wp-json\/wp\/v2\/media?parent=84"}],"curies":[{"name":"wp","href":"https:\/\/api.w.org\/{rel}","templated":true}]}}