{"id":74,"date":"2025-09-15T09:53:36","date_gmt":"2025-09-15T09:53:36","guid":{"rendered":"https:\/\/www.thion.louisst.o2switch.site\/blog\/?page_id=74"},"modified":"2025-11-19T13:37:31","modified_gmt":"2025-11-19T12:37:31","slug":"projet-professionnel-2","status":"publish","type":"page","link":"https:\/\/www.thion.louisst.o2switch.site\/blog\/projet-professionnel-2\/","title":{"rendered":"Projet professionnel"},"content":{"rendered":"\n<p class=\"has-ast-global-color-4-color has-text-color has-link-color wp-elements-d8a9059c191d0215e9305a331094abd4\">Apr\u00e8s avoir r\u00e9ussi mon bac STMG, je me suis lanc\u00e9 dans une nouvelle aventure : un BTS NDRC.<\/p>\n\n\n\n<p class=\"has-ast-global-color-4-color has-text-color has-link-color wp-elements-10be825c58ba6a37f79cca414746d0bf\">Dans deux ans, si tout se passe bien, j\u2019obtiendrai mon dipl\u00f4me. Mais je ne compte pas m\u2019arr\u00eater l\u00e0. Mon objectif apr\u00e8s le BTS est de partir \u00e0 l\u2019\u00e9tranger, dans un pays anglophone. J\u2019aimerais devenir fille au pair ou travailler dans un petit job local, pour vivre une vraie immersion et am\u00e9liorer mon anglais.<\/p>\n\n\n\n<p class=\"has-ast-global-color-4-color has-text-color has-link-color wp-elements-3cae13ec941741d3c7264a7f8fed6a02\">Aujourd\u2019hui, parler anglais est indispensable dans presque tous les m\u00e9tiers. M\u00eame si j\u2019ai encore quelques difficult\u00e9s, je sais qu\u2019un s\u00e9jour \u00e0 l\u2019\u00e9tranger me permettra de progresser, de gagner en confiance et d\u2019ouvrir de nouvelles portes.<\/p>\n\n\n\n<p class=\"has-ast-global-color-4-color has-text-color has-link-color wp-elements-53d8ec59277ee79ba325207738e401e1\">Apr\u00e8s cette exp\u00e9rience, j\u2019aimerais poursuivre avec un&nbsp;<strong>bachelor en marketing du luxe<\/strong>, puis, si tout se passe bien, faire un&nbsp;<strong>master dans le marketing ou l\u2019\u00e9v\u00e9nementiel de mode<\/strong>. C\u2019est un secteur tr\u00e8s restreint et demand\u00e9, ce domaine est tr\u00e8s s\u00e9lectif o\u00f9 la concurrence est fort, mais justement, c&rsquo;est ce qui me motive \u00e0 r\u00e9ussir. Il faut donc se surpasser pour r\u00e9ussir \u00e0 y acc\u00e9der. \ud83d\udc69\u200d\ud83c\udf93<\/p>\n\n\n\n<p class=\"has-ast-global-color-4-color has-text-color has-link-color wp-elements-7af88ea5da163175b2655e62363a5bf0\">Vous vous demandez peut-\u00eatre pourquoi ce secteur. <\/p>\n\n\n\n<p class=\"has-ast-global-color-4-color has-text-color has-link-color wp-elements-4282987bbd436fbe015cfea03912724a\">Mon r\u00eave et mon projet future sont d\u2019organiser des \u00e9v\u00e9nements autour de la mode et du luxe&nbsp;: des d\u00e9fil\u00e9s, des campagnes de publicit\u00e9 ou encore la cr\u00e9ation de sites web pour diff\u00e9rentes marques. <\/p>\n\n\n\n<p class=\"has-ast-global-color-4-color has-text-color has-link-color wp-elements-a85ee0c5099162274de9aa51ac85b1c6\">Avant d\u2019en arriver l\u00e0, je me concentre sur mon pr\u00e9sent : r\u00e9ussir mon <strong>BTS NDRC <\/strong>et acqu\u00e9rir les bases solides pour ma future carri\u00e8re.<\/p>\n\n\n\n<p class=\"has-ast-global-color-4-color has-text-color has-link-color wp-elements-b5be9b0022782dfb977bba45c8b0337e\"><\/p>\n\n\n\n<div class=\"wp-block-uagb-blockquote uagb-block-72719a75 uagb-blockquote__skin-quotation uagb-blockquote__align-left uagb-blockquote__style-style_2 uagb-blockquote__with-tweet uagb-blockquote__tweet-style-bubble uagb-blockquote__tweet-icon_text uagb-blockquote__stack-img-none\"><blockquote class=\"uagb-blockquote\"><span class=\"uagb-blockquote__icon\"><svg width=\"20\" height=\"20\" viewBox=\"0 0 32 32\"><path d=\"M7.031 14c3.866 0 7 3.134 7 7s-3.134 7-7 7-7-3.134-7-7l-0.031-1c0-7.732 6.268-14 14-14v4c-2.671 0-5.182 1.040-7.071 2.929-0.364 0.364-0.695 0.751-0.995 1.157 0.357-0.056 0.724-0.086 1.097-0.086zM25.031 14c3.866 0 7 3.134 7 7s-3.134 7-7 7-7-3.134-7-7l-0.031-1c0-7.732 6.268-14 14-14v4c-2.671 0-5.182 1.040-7.071 2.929-0.364 0.364-0.695 0.751-0.995 1.157 0.358-0.056 0.724-0.086 1.097-0.086z\"><\/path><\/svg><\/span><div class=\"uagb-blockquote__content\"><strong>MAIS C&rsquo;EST QUOI UN BTS NDRC ? \ud83e\uddd0<\/strong><\/div><footer><div class=\"uagb-blockquote__author-wrap uagb-blockquote__author-at-left\"><cite class=\"uagb-blockquote__author\">Etudiant_en_Terminal<\/cite><\/div><a href=\"\/\" class=\"uagb-blockquote__tweet-button\" target=\"_blank\" rel=\"noopener noreferrer\"><svg width=\"20\" height=\"20\" viewBox=\"0 0 512 512\"><path d=\"M459.37 151.716c.325 4.548.325 9.097.325 13.645 0 138.72-105.583 298.558-298.558 298.558-59.452 0-114.68-17.219-161.137-47.106 8.447.974 16.568 1.299 25.34 1.299 49.055 0 94.213-16.568 130.274-44.832-46.132-.975-84.792-31.188-98.112-72.772 6.498.974 12.995 1.624 19.818 1.624 9.421 0 18.843-1.3 27.614-3.573-48.081-9.747-84.143-51.98-84.143-102.985v-1.299c13.969 7.797 30.214 12.67 47.431 13.319-28.264-18.843-46.781-51.005-46.781-87.391 0-19.492 5.197-37.36 14.294-52.954 51.655 63.675 129.3 105.258 216.365 109.807-1.624-7.797-2.599-15.918-2.599-24.04 0-57.828 46.782-104.934 104.934-104.934 30.213 0 57.502 12.67 76.67 33.137 23.715-4.548 46.456-13.32 66.599-25.34-7.798 24.366-24.366 44.833-46.132 57.827 21.117-2.273 41.584-8.122 60.426-16.243-14.292 20.791-32.161 39.308-52.628 54.253z\"><\/path><\/svg>Tweet<\/a><\/footer><\/blockquote><\/div>\n\n\n\n<p class=\"has-text-align-center has-ast-global-color-0-color has-ast-global-color-1-background-color has-text-color has-background has-link-color wp-elements-dc64cf543f6d99ee8d88e11304a4188b\"><a href=\"https:\/\/www.thion.louisst.o2switch.site\/blog\/formation\/\" data-type=\"page\" data-id=\"84\">\ud83d\udcdc Formation<\/a><\/p>\n\n\n\n<div class=\"wp-block-uagb-container uagb-block-d326cfc1 default uagb-is-root-container\"><\/div>\n\n\n\n<details class=\"wp-block-details is-layout-flow wp-block-details-is-layout-flow\"><summary>Video YouTube explicative en 2 minutes<\/summary>\n<figure class=\"wp-block-embed is-type-video is-provider-youtube wp-block-embed-youtube wp-embed-aspect-4-3 wp-has-aspect-ratio\"><div class=\"wp-block-embed__wrapper\">\n<iframe loading=\"lazy\" title=\"Charg\u00e9 de projet \u00e9v\u00e9nementiel - Mon m\u00e9tier en 2 minutes\" width=\"500\" height=\"375\" src=\"https:\/\/www.youtube.com\/embed\/xOJ4mQ3KKPE?feature=oembed\" frameborder=\"0\" allow=\"accelerometer; autoplay; clipboard-write; encrypted-media; gyroscope; picture-in-picture; web-share\" referrerpolicy=\"strict-origin-when-cross-origin\" allowfullscreen><\/iframe>\n<\/div><\/figure>\n<\/details>\n\n\n\n<div class=\"wp-block-group alignwide is-content-justification-left is-layout-constrained wp-container-core-group-is-layout-12dd3699 wp-block-group-is-layout-constrained\">\n<details class=\"wp-block-details is-layout-flow wp-block-details-is-layout-flow\"><summary>Tiktok sur le marketing de la mode <\/summary>\n<figure class=\"wp-block-embed is-type-video is-provider-tiktok wp-block-embed-tiktok\"><div class=\"wp-block-embed__wrapper\">\n<blockquote class=\"tiktok-embed\" cite=\"https:\/\/www.tiktok.com\/@beellima_\/video\/7465108261469949189\" data-video-id=\"7465108261469949189\" data-embed-from=\"oembed\" style=\"max-width:605px; min-width:325px;\"> <section> <a target=\"_blank\" title=\"@beellima_\" href=\"https:\/\/www.tiktok.com\/@beellima_?refer=embed\">@beellima_<\/a> <p>\ud83e\udd33\ud83c\udffc <a title=\"marketing\" target=\"_blank\" href=\"https:\/\/www.tiktok.com\/tag\/marketing?refer=embed\">#marketing<\/a> <a title=\"moda\" target=\"_blank\" href=\"https:\/\/www.tiktok.com\/tag\/moda?refer=embed\">#moda<\/a> <a title=\"fyp\" target=\"_blank\" href=\"https:\/\/www.tiktok.com\/tag\/fyp?refer=embed\">#fyp<\/a> <a title=\"lifestyle\" target=\"_blank\" href=\"https:\/\/www.tiktok.com\/tag\/lifestyle?refer=embed\">#lifestyle<\/a> <a title=\"careergoals\" target=\"_blank\" href=\"https:\/\/www.tiktok.com\/tag\/careergoals?refer=embed\">#careergoals<\/a> <a title=\"corporategirl\" target=\"_blank\" href=\"https:\/\/www.tiktok.com\/tag\/corporategirl?refer=embed\">#corporategirl<\/a> <a title=\"postgradlife\" target=\"_blank\" href=\"https:\/\/www.tiktok.com\/tag\/postgradlife?refer=embed\">#postgradlife<\/a>  <a title=\"fashion\" target=\"_blank\" href=\"https:\/\/www.tiktok.com\/tag\/fashion?refer=embed\">#fashion<\/a> <\/p> <a target=\"_blank\" title=\"\u266c original sound - retq\" href=\"https:\/\/www.tiktok.com\/music\/original-sound-7329540227123448582?refer=embed\">\u266c original sound &#8211; retq<\/a> <\/section> <\/blockquote> <script async src=\"https:\/\/www.tiktok.com\/embed.js\"><\/script>\n<\/div><\/figure>\n<\/details>\n<\/div>\n\n\n\n<p><\/p>\n","protected":false},"excerpt":{"rendered":"<p>Apr\u00e8s avoir r\u00e9ussi mon bac STMG, je me suis lanc\u00e9 dans une nouvelle aventure : un BTS NDRC. Dans deux [&hellip;]<\/p>\n","protected":false},"author":1,"featured_media":0,"parent":0,"menu_order":0,"comment_status":"closed","ping_status":"closed","template":"","meta":{"_uag_custom_page_level_css":"","site-sidebar-layout":"default","site-content-layout":"","ast-site-content-layout":"default","site-content-style":"default","site-sidebar-style":"default","ast-global-header-display":"","ast-banner-title-visibility":"","ast-main-header-display":"","ast-hfb-above-header-display":"","ast-hfb-below-header-display":"","ast-hfb-mobile-header-display":"","site-post-title":"","ast-breadcrumbs-content":"","ast-featured-img":"","footer-sml-layout":"","theme-transparent-header-meta":"","adv-header-id-meta":"","stick-header-meta":"","header-above-stick-meta":"","header-main-stick-meta":"","header-below-stick-meta":"","astra-migrate-meta-layouts":"default","ast-page-background-enabled":"default","ast-page-background-meta":{"desktop":{"background-color":"var(--ast-global-color-5)","background-image":"","background-repeat":"repeat","background-position":"center center","background-size":"auto","background-attachment":"scroll","background-type":"","background-media":"","overlay-type":"","overlay-color":"","overlay-opacity":"","overlay-gradient":""},"tablet":{"background-color":"","background-image":"","background-repeat":"repeat","background-position":"center center","background-size":"auto","background-attachment":"scroll","background-type":"","background-media":"","overlay-type":"","overlay-color":"","overlay-opacity":"","overlay-gradient":""},"mobile":{"background-color":"","background-image":"","background-repeat":"repeat","background-position":"center center","background-size":"auto","background-attachment":"scroll","background-type":"","background-media":"","overlay-type":"","overlay-color":"","overlay-opacity":"","overlay-gradient":""}},"ast-content-background-meta":{"desktop":{"background-color":"var(--ast-global-color-4)","background-image":"","background-repeat":"repeat","background-position":"center center","background-size":"auto","background-attachment":"scroll","background-type":"","background-media":"","overlay-type":"","overlay-color":"","overlay-opacity":"","overlay-gradient":""},"tablet":{"background-color":"var(--ast-global-color-4)","background-image":"","background-repeat":"repeat","background-position":"center center","background-size":"auto","background-attachment":"scroll","background-type":"","background-media":"","overlay-type":"","overlay-color":"","overlay-opacity":"","overlay-gradient":""},"mobile":{"background-color":"var(--ast-global-color-4)","background-image":"","background-repeat":"repeat","background-position":"center center","background-size":"auto","background-attachment":"scroll","background-type":"","background-media":"","overlay-type":"","overlay-color":"","overlay-opacity":"","overlay-gradient":""}},"footnotes":""},"class_list":["post-74","page","type-page","status-publish","hentry"],"uagb_featured_image_src":{"full":false,"thumbnail":false,"medium":false,"medium_large":false,"large":false,"1536x1536":false,"2048x2048":false},"uagb_author_info":{"display_name":"admin","author_link":"https:\/\/www.thion.louisst.o2switch.site\/blog\/author\/admin\/"},"uagb_comment_info":0,"uagb_excerpt":"Apr\u00e8s avoir r\u00e9ussi mon bac STMG, je me suis lanc\u00e9 dans une nouvelle aventure : un BTS NDRC. Dans deux [&hellip;]","_links":{"self":[{"href":"https:\/\/www.thion.louisst.o2switch.site\/blog\/wp-json\/wp\/v2\/pages\/74","targetHints":{"allow":["GET"]}}],"collection":[{"href":"https:\/\/www.thion.louisst.o2switch.site\/blog\/wp-json\/wp\/v2\/pages"}],"about":[{"href":"https:\/\/www.thion.louisst.o2switch.site\/blog\/wp-json\/wp\/v2\/types\/page"}],"author":[{"embeddable":true,"href":"https:\/\/www.thion.louisst.o2switch.site\/blog\/wp-json\/wp\/v2\/users\/1"}],"replies":[{"embeddable":true,"href":"https:\/\/www.thion.louisst.o2switch.site\/blog\/wp-json\/wp\/v2\/comments?post=74"}],"version-history":[{"count":9,"href":"https:\/\/www.thion.louisst.o2switch.site\/blog\/wp-json\/wp\/v2\/pages\/74\/revisions"}],"predecessor-version":[{"id":330,"href":"https:\/\/www.thion.louisst.o2switch.site\/blog\/wp-json\/wp\/v2\/pages\/74\/revisions\/330"}],"wp:attachment":[{"href":"https:\/\/www.thion.louisst.o2switch.site\/blog\/wp-json\/wp\/v2\/media?parent=74"}],"curies":[{"name":"wp","href":"https:\/\/api.w.org\/{rel}","templated":true}]}}