{"id":158,"date":"2025-10-02T09:16:50","date_gmt":"2025-10-02T07:16:50","guid":{"rendered":"https:\/\/www.thion.louisst.o2switch.site\/blog\/?page_id=158"},"modified":"2025-11-27T09:53:35","modified_gmt":"2025-11-27T08:53:35","slug":"accueil","status":"publish","type":"page","link":"https:\/\/www.thion.louisst.o2switch.site\/blog\/","title":{"rendered":"Accueil"},"content":{"rendered":"\n<p class=\"has-ast-global-color-4-color has-text-color has-link-color wp-elements-03b9e5967e7857ff01b23065b4f9a314\">Je m&rsquo;appelle&nbsp;Valentine<strong> <\/strong>Thion, je suis n\u00e9e le&nbsp;29 juin 2006&nbsp;et j\u2019ai aujourd\u2019hui&nbsp;19 ans. Originaire de la r\u00e9gion Auvergne-Rh\u00f4ne-Alpes, j\u2019ai obtenu mon&nbsp;baccalaur\u00e9at en juin 2025, dans le lyc\u00e9e Jean Puy \u00e0 Roanne, avec la&nbsp;mention assez bien. Depuis&nbsp;septembre 2025, je vis seule \u00e0&nbsp;Lyon, une ville dynamique et inspirante o\u00f9 je poursuis mes \u00e9tudes sup\u00e9rieures. <\/p>\n\n\n\n<h3 class=\"wp-block-heading has-ast-global-color-4-color has-text-color has-link-color wp-elements-b30ee9b3f2470dc83b2e1cee4c92005d\">\ud83c\udf1f Ce que vous allez d\u00e9couvrir<\/h3>\n\n\n\n<p class=\"has-ast-global-color-4-color has-text-color has-link-color wp-elements-fdebe6ae928ffce5b9bca57b81c9d2d1\">Dans un premier temps, je vous pr\u00e9senterai&nbsp;mon parcours&nbsp;et les \u00e9tapes importantes qui m\u2019ont men\u00e9e jusqu\u2019\u00e0 aujourd\u2019hui. <\/p>\n\n\n\n<p class=\"has-ast-global-color-4-color has-text-color has-link-color wp-elements-32ac72ba94495ecab99b7ea832f58429\">Je partagerai ensuite mes&nbsp;ambitions&nbsp;et les&nbsp;projets&nbsp;qui me tiennent \u00e0 c\u0153ur pour l\u2019avenir. <\/p>\n\n\n\n<p class=\"has-ast-global-color-4-color has-text-color has-link-color wp-elements-432faa0033be4cdf9cc10fa2c7d971ec\">Apr\u00e8s avoir obtenu mon&nbsp;baccalaur\u00e9at en juin 2025, j\u2019ai choisi de poursuivre mes \u00e9tudes avec un&nbsp;BTS N\u00e9gociation et Digitalisation de la Relation Client (NDRC). Ce choix s\u2019est impos\u00e9 naturellement, car il correspond pleinement \u00e0 ma&nbsp;personnalit\u00e9&nbsp;et \u00e0 mes&nbsp;centres d\u2019int\u00e9r\u00eat. Vous d\u00e9couvrirez \u00e9galement davantage sur cette formation, que j\u2019ai int\u00e9gr\u00e9e avec&nbsp;conviction, et que je vous expliquerai de mani\u00e8re&nbsp;claire et accessible. <\/p>\n\n\n\n<p class=\"has-ast-global-color-4-color has-text-color has-link-color wp-elements-d9092f0baf2ef8e4a4c0069805ae7fbc\">Enfin, je vous inviterai \u00e0 explorer une facette plus personnelle de ma vie : mes&nbsp;loisirs, mes&nbsp;passions&nbsp;et tout ce qui m\u2019inspire au quotidien.<\/p>\n\n\n\n<h3 class=\"wp-block-heading has-ast-global-color-4-color has-text-color has-link-color wp-elements-d5f8a920bd5acd7a13af3e2f5b3a4fce\">\ud83c\udf0d Mes passions et mes loisirs<\/h3>\n\n\n\n<p class=\"has-ast-global-color-4-color has-text-color has-link-color wp-elements-0d97072bed4a2f4120e13a021c6230ed\">Aujourd\u2019hui, j\u2019ai plusieurs passions et je pratique beaucoup d\u2019activit\u00e9s.<br>Sur ce site, je vais vous parler de mes deux principales passions :<\/p>\n\n\n\n<ul class=\"wp-block-list\">\n<li class=\"has-ast-global-color-6-color has-text-color has-link-color wp-elements-e63a2e6ab62a3c2c0605a40e80637593\"><strong>Les<\/strong><a href=\"https:\/\/www.thion.louisst.o2switch.site\/blog\/voyage\/\" data-type=\"page\" data-id=\"135\"> <\/a><a href=\"https:\/\/www.thion.louisst.o2switch.site\/blog\/voyage\/\" data-type=\"page\" data-id=\"135\">voyage<\/a>s<\/li>\n\n\n\n<li class=\"has-ast-global-color-6-color has-text-color has-link-color wp-elements-ba1a44cbbe534a5139ed280d9ec412e1\"><strong>Le<\/strong> <a href=\"https:\/\/www.thion.louisst.o2switch.site\/blog\/sport\/\" data-type=\"page\" data-id=\"136\">sport<\/a><\/li>\n<\/ul>\n\n\n\n<p class=\"has-ast-global-color-4-color has-text-color has-link-color wp-elements-caf9c54ca3f5231ca2a17c329a2a9df7\">Une autre passion qui me tient particuli\u00e8rement \u00e0 c\u0153ur est le&nbsp;voyage. D\u00e9couvrir de nouveaux pays, de nouvelles cultures et rencontrer des personnes venues d\u2019horizons diff\u00e9rents est pour moi une source d\u2019inspiration. Voyager me permet d\u2019ouvrir mon esprit, de sortir de ma zone de confort et d\u2019enrichir ma vision du monde. Je vais vous&nbsp;expliquer les pays que j\u2019ai visit\u00e9s, vous donner&nbsp;quelques adresses \u00e0 d\u00e9couvrir&nbsp;et partager&nbsp;des photos.<br>Je vous parlerai aussi de&nbsp;mes prochaines envies de voyage&nbsp;pour le futur.<\/p>\n\n\n\n<p class=\"has-ast-global-color-4-color has-text-color has-link-color wp-elements-f5cfe01cfeb4371e6522ca54cff7bbc8\">Le&nbsp;sport&nbsp;fait partie int\u00e9grante de ma vie depuis toujours. J\u2019ai eu la chance de pratiquer plusieurs disciplines au fil des ann\u00e9es, ce qui m\u2019a permis d\u2019apprendre la&nbsp;rigueur, le&nbsp;d\u00e9passement de soi&nbsp;et l\u2019esprit d\u2019\u00e9quipe. <\/p>\n\n\n\n<p class=\"has-ast-global-color-4-color has-text-color has-link-color wp-elements-8b11e11f650c048cab06cc78b2cabe37\">Je vais donc vous parler de&nbsp;mes sports principaux&nbsp;: <strong>le&nbsp;basket, le&nbsp;patinage artistique, la&nbsp;salle de sport&nbsp;et le&nbsp;ski.<\/strong><br>Je vous expliquerai&nbsp;chaque sport, depuis&nbsp;combien de temps je le pratique, et je partagerai&nbsp;des photos, etc.<\/p>\n\n\n\n<p class=\"has-ast-global-color-4-color has-text-color has-link-color wp-elements-9ac9bf7087ef9a3d201987df82ae0da9\">En plus de ces quatre sports principaux, j\u2019ai aussi eu la chance de pratiquer&nbsp;beaucoup d\u2019autres activit\u00e9s, comme :<\/p>\n\n\n\n<ul class=\"wp-block-list\">\n<li class=\"has-ast-global-color-4-color has-text-color has-link-color wp-elements-42f134bd79fa32d44f713ddd04e996a6\">le tennis \ud83c\udfbe<\/li>\n\n\n\n<li class=\"has-ast-global-color-4-color has-text-color has-link-color wp-elements-7539524468891c05a8d0056e578bc02c\">la natation \ud83c\udfca\u200d\u2640\ufe0f<\/li>\n\n\n\n<li class=\"has-ast-global-color-4-color has-text-color has-link-color wp-elements-a26144f1a211272c3a5bd4eb9ef9052d\">l\u2019\u00e9quitation \ud83d\udc34<\/li>\n\n\n\n<li class=\"has-ast-global-color-4-color has-text-color has-link-color wp-elements-a015d62af6f75b66878efbdab0c1e51a\">la gymnastique \ud83e\udd38\u200d\u2640\ufe0f<\/li>\n\n\n\n<li class=\"has-ast-global-color-4-color has-text-color has-link-color wp-elements-588d3b9d5f392ab5fedd00f5f7e1ab08\">la danse \ud83d\udc83<\/li>\n\n\n\n<li class=\"has-ast-global-color-4-color has-text-color has-link-color wp-elements-f5ed0509800999de750d6b5d6c92e1f8\">la lutte \ud83e\udd3c\u200d\u2640\ufe0f<\/li>\n<\/ul>\n\n\n\n<p class=\"has-ast-global-color-4-color has-text-color has-link-color wp-elements-461f2cc0784cf260cc1294b0b92aeeda\">En dehors de ces deux loisirs, j\u2019aime aussi lire des romans, des thrillers, et bien d\u2019autres genres ; ainsi que regarder des films. J&rsquo;aime aussi le monde de la musique et la mode en particulier.<\/p>\n\n\n\n<h3 class=\"wp-block-heading has-ast-global-color-4-color has-text-color has-link-color wp-elements-b83b5e8b053c1375951218bb034f076e\"> \ud83c\udfac Un mot pour la fin <\/h3>\n\n\n\n<p class=\"has-ast-global-color-4-color has-text-color has-link-color wp-elements-ef7e349d0f17a9d7c616f0b0e04fa32a\">Je suis ravie de vous accueillir sur mon site et j\u2019esp\u00e8re que&nbsp;vous appr\u00e9cierez de d\u00e9couvrir un aper\u00e7u de ma vie, de mes passions et de mes projets. Merci de partager ce moment avec moi !<\/p>\n\n\n\n<h3 class=\"wp-block-heading has-ast-global-color-4-color has-text-color has-link-color wp-elements-8b68a43bcef526e343308dc08afd61d3\">\ud83d\udccb Un formulaire pour me contacter <\/h3>\n\n\n\n<p class=\"has-ast-global-color-4-color has-text-color has-link-color wp-elements-688ac5101c99ed0d34a685a964232ce3\">Je serais ravie de r\u00e9pondre a toute vos questions. N&rsquo;h\u00e9siter pas a en poser, aucune question n&rsquo;est b\u00eate ! \ud83d\ude09<\/p>\n\n\n\n<div class=\"wp-block-uagb-forms uagb-forms__outer-wrap uagb-block-2e06a04c uagb-forms__medium-btn\"><form class=\"uagb-forms-main-form\" method=\"post\" autocomplete=\"on\" name=\"uagb-form-2e06a04c\">\n<div class=\"wp-block-uagb-forms-name uagb-forms-name-wrap uagb-forms-field-set uagb-block-4eef401c\"><div class=\"uagb-forms-name-label required uagb-forms-input-label\" id=\"4eef401c\">Nom<\/div><input type=\"text\" placeholder=\"THION\" required class=\"uagb-forms-name-input uagb-forms-input\" name=\"4eef401c\" autocomplete=\"given-name\"\/><\/div>\n\n\n\n<div class=\"wp-block-uagb-forms-name uagb-forms-name-wrap uagb-forms-field-set uagb-block-b6c3ca15\"><div class=\"uagb-forms-name-label required uagb-forms-input-label\" id=\"b6c3ca15\">Pr\u00e9nom<\/div><input type=\"text\" placeholder=\"Valentine\" required class=\"uagb-forms-name-input uagb-forms-input\" name=\"b6c3ca15\" autocomplete=\"family-name\"\/><\/div>\n\n\n\n<div class=\"wp-block-uagb-forms-email uagb-forms-email-wrap uagb-forms-field-set uagb-block-b82b48f3\"><div class=\"uagb-forms-email-label  uagb-forms-input-label\" id=\"b82b48f3\">Adresse e-mail<\/div><input type=\"email\" class=\"uagb-forms-email-input uagb-forms-input\" placeholder=\"example@mail.com\" name=\"b82b48f3\" autocomplete=\"email\"\/><\/div>\n\n\n\n<div class=\"wp-block-uagb-forms-textarea uagb-forms-textarea-wrap uagb-forms-field-set uagb-block-e8105821\"><div class=\"uagb-forms-textarea-label  uagb-forms-input-label\" id=\"e8105821\">Commentaire <\/div><textarea class=\"uagb-forms-textarea-input uagb-forms-input\" rows=\"4\" placeholder=\"Entrer votre commentaire \" name=\"e8105821\" autocomplete=\"off\"><\/textarea><\/div>\n<div class=\"uagb-forms-form-hidden-data\"><input type=\"hidden\" class=\"uagb_forms_form_label\" value=\"Spectra Form\"\/><input type=\"hidden\" class=\"uagb_forms_form_id\" value=\"uagb-form-2e06a04c\"\/><\/div><div class=\"uagb-form-reacaptcha-error-2e06a04c\"><\/div><div class=\"uagb-forms-main-submit-button-wrap wp-block-button\"><button class=\"uagb-forms-main-submit-button wp-block-button__link\"><div class=\"uagb-forms-main-submit-button-text\">Submit<\/div><\/button><\/div><\/form><div class=\"uagb-forms-success-message-2e06a04c uagb-forms-submit-message-hide\"><span>The form has been submitted successfully!<\/span><\/div><div class=\"uagb-forms-failed-message-2e06a04c uagb-forms-submit-message-hide\"><span>There has been some error while submitting the form. Please verify all form fields again.<\/span><\/div><\/div>\n\n\n\n<p>Un aper\u00e7u de ce dont je vais vous parler <\/p>\n\n\n\n<figure class=\"wp-block-gallery alignleft has-nested-images columns-default is-cropped wp-block-gallery-1 is-layout-flex wp-block-gallery-is-layout-flex\">\n<figure class=\"wp-block-image size-full is-style-default\"><img decoding=\"async\" data-id=\"283\" src=\"http:\/\/www.thion.louisst.o2switch.site\/blog\/wp-content\/uploads\/2025\/11\/IMG_1145-1.heic\" alt=\"\" class=\"wp-image-283\"\/><\/figure>\n<\/figure>\n\n\n\n<figure class=\"wp-block-gallery has-nested-images columns-default is-cropped wp-block-gallery-2 is-layout-flex wp-block-gallery-is-layout-flex\">\n<figure class=\"wp-block-image size-large\"><img loading=\"lazy\" decoding=\"async\" width=\"899\" height=\"1348\" data-id=\"341\" src=\"https:\/\/www.thion.louisst.o2switch.site\/blog\/wp-content\/uploads\/2025\/11\/IMG_1324-1-edited.jpg\" alt=\"\" class=\"wp-image-341\" srcset=\"https:\/\/www.thion.louisst.o2switch.site\/blog\/wp-content\/uploads\/2025\/11\/IMG_1324-1-edited.jpg 899w, https:\/\/www.thion.louisst.o2switch.site\/blog\/wp-content\/uploads\/2025\/11\/IMG_1324-1-edited-200x300.jpg 200w, https:\/\/www.thion.louisst.o2switch.site\/blog\/wp-content\/uploads\/2025\/11\/IMG_1324-1-edited-683x1024.jpg 683w, https:\/\/www.thion.louisst.o2switch.site\/blog\/wp-content\/uploads\/2025\/11\/IMG_1324-1-edited-768x1152.jpg 768w\" sizes=\"auto, (max-width: 899px) 100vw, 899px\" \/><\/figure>\n\n\n\n<figure class=\"wp-block-image size-large\"><img loading=\"lazy\" decoding=\"async\" width=\"835\" height=\"1024\" data-id=\"340\" src=\"https:\/\/www.thion.louisst.o2switch.site\/blog\/wp-content\/uploads\/2025\/11\/IMG_1322-1-835x1024.jpg\" alt=\"\" class=\"wp-image-340\" srcset=\"https:\/\/www.thion.louisst.o2switch.site\/blog\/wp-content\/uploads\/2025\/11\/IMG_1322-1-835x1024.jpg 835w, https:\/\/www.thion.louisst.o2switch.site\/blog\/wp-content\/uploads\/2025\/11\/IMG_1322-1-245x300.jpg 245w, https:\/\/www.thion.louisst.o2switch.site\/blog\/wp-content\/uploads\/2025\/11\/IMG_1322-1-768x941.jpg 768w, https:\/\/www.thion.louisst.o2switch.site\/blog\/wp-content\/uploads\/2025\/11\/IMG_1322-1.jpg 1170w\" sizes=\"auto, (max-width: 835px) 100vw, 835px\" \/><\/figure>\n<\/figure>\n\n\n\n<p><\/p>\n","protected":false},"excerpt":{"rendered":"<p>Je m&rsquo;appelle&nbsp;Valentine Thion, je suis n\u00e9e le&nbsp;29 juin 2006&nbsp;et j\u2019ai aujourd\u2019hui&nbsp;19 ans. Originaire de la r\u00e9gion Auvergne-Rh\u00f4ne-Alpes, j\u2019ai obtenu mon&nbsp;baccalaur\u00e9at [&hellip;]<\/p>\n","protected":false},"author":1,"featured_media":0,"parent":0,"menu_order":0,"comment_status":"closed","ping_status":"closed","template":"","meta":{"_uag_custom_page_level_css":"","site-sidebar-layout":"default","site-content-layout":"","ast-site-content-layout":"default","site-content-style":"default","site-sidebar-style":"default","ast-global-header-display":"","ast-banner-title-visibility":"","ast-main-header-display":"","ast-hfb-above-header-display":"","ast-hfb-below-header-display":"","ast-hfb-mobile-header-display":"","site-post-title":"","ast-breadcrumbs-content":"","ast-featured-img":"","footer-sml-layout":"","theme-transparent-header-meta":"disabled","adv-header-id-meta":"","stick-header-meta":"","header-above-stick-meta":"","header-main-stick-meta":"","header-below-stick-meta":"","astra-migrate-meta-layouts":"default","ast-page-background-enabled":"default","ast-page-background-meta":{"desktop":{"background-color":"var(--ast-global-color-5)","background-image":"","background-repeat":"repeat","background-position":"center center","background-size":"auto","background-attachment":"scroll","background-type":"","background-media":"","overlay-type":"","overlay-color":"","overlay-opacity":"","overlay-gradient":""},"tablet":{"background-color":"","background-image":"","background-repeat":"repeat","background-position":"center center","background-size":"auto","background-attachment":"scroll","background-type":"","background-media":"","overlay-type":"","overlay-color":"","overlay-opacity":"","overlay-gradient":""},"mobile":{"background-color":"","background-image":"","background-repeat":"repeat","background-position":"center center","background-size":"auto","background-attachment":"scroll","background-type":"","background-media":"","overlay-type":"","overlay-color":"","overlay-opacity":"","overlay-gradient":""}},"ast-content-background-meta":{"desktop":{"background-color":"var(--ast-global-color-4)","background-image":"","background-repeat":"repeat","background-position":"center center","background-size":"auto","background-attachment":"scroll","background-type":"","background-media":"","overlay-type":"","overlay-color":"","overlay-opacity":"","overlay-gradient":""},"tablet":{"background-color":"var(--ast-global-color-4)","background-image":"","background-repeat":"repeat","background-position":"center center","background-size":"auto","background-attachment":"scroll","background-type":"","background-media":"","overlay-type":"","overlay-color":"","overlay-opacity":"","overlay-gradient":""},"mobile":{"background-color":"var(--ast-global-color-4)","background-image":"","background-repeat":"repeat","background-position":"center center","background-size":"auto","background-attachment":"scroll","background-type":"","background-media":"","overlay-type":"","overlay-color":"","overlay-opacity":"","overlay-gradient":""}},"footnotes":""},"class_list":["post-158","page","type-page","status-publish","hentry"],"uagb_featured_image_src":{"full":false,"thumbnail":false,"medium":false,"medium_large":false,"large":false,"1536x1536":false,"2048x2048":false},"uagb_author_info":{"display_name":"admin","author_link":"https:\/\/www.thion.louisst.o2switch.site\/blog\/author\/admin\/"},"uagb_comment_info":0,"uagb_excerpt":"Je m&rsquo;appelle&nbsp;Valentine Thion, je suis n\u00e9e le&nbsp;29 juin 2006&nbsp;et j\u2019ai aujourd\u2019hui&nbsp;19 ans. Originaire de la r\u00e9gion Auvergne-Rh\u00f4ne-Alpes, j\u2019ai obtenu mon&nbsp;baccalaur\u00e9at [&hellip;]","_links":{"self":[{"href":"https:\/\/www.thion.louisst.o2switch.site\/blog\/wp-json\/wp\/v2\/pages\/158","targetHints":{"allow":["GET"]}}],"collection":[{"href":"https:\/\/www.thion.louisst.o2switch.site\/blog\/wp-json\/wp\/v2\/pages"}],"about":[{"href":"https:\/\/www.thion.louisst.o2switch.site\/blog\/wp-json\/wp\/v2\/types\/page"}],"author":[{"embeddable":true,"href":"https:\/\/www.thion.louisst.o2switch.site\/blog\/wp-json\/wp\/v2\/users\/1"}],"replies":[{"embeddable":true,"href":"https:\/\/www.thion.louisst.o2switch.site\/blog\/wp-json\/wp\/v2\/comments?post=158"}],"version-history":[{"count":26,"href":"https:\/\/www.thion.louisst.o2switch.site\/blog\/wp-json\/wp\/v2\/pages\/158\/revisions"}],"predecessor-version":[{"id":466,"href":"https:\/\/www.thion.louisst.o2switch.site\/blog\/wp-json\/wp\/v2\/pages\/158\/revisions\/466"}],"wp:attachment":[{"href":"https:\/\/www.thion.louisst.o2switch.site\/blog\/wp-json\/wp\/v2\/media?parent=158"}],"curies":[{"name":"wp","href":"https:\/\/api.w.org\/{rel}","templated":true}]}}